{"id":1299,"date":"2015-08-11T06:16:34","date_gmt":"2015-08-11T06:16:34","guid":{"rendered":"http:\/\/dentall.stylemixthemes.com\/demo\/?page_id=2"},"modified":"2020-03-03T11:55:57","modified_gmt":"2020-03-03T10:55:57","slug":"sample-page-2","status":"publish","type":"page","link":"https:\/\/hasanovic.dental\/","title":{"rendered":"Home"},"content":{"rendered":"<p>[vc_row css=&#8221;.vc_custom_1439796249329{margin-bottom: 0px !important;}&#8221;][vc_column][rev_slider_vc alias=&#8221;main_slider&#8221;][\/vc_column][\/vc_row][vc_row el_class=&#8221;overflowed_content&#8221; css=&#8221;.vc_custom_1439880673570{margin-bottom: 0px !important;}&#8221;][vc_column width=&#8221;1\/3&#8243; css=&#8221;.vc_custom_1439878727322{margin-top: -100px !important;padding-right: 0px !important;}&#8221;][stm_icon_box icon=&#8221;stm-icon-tooth-1&#8243; style=&#8221;icon_right&#8221; icon_size=&#8221;110&#8243; animation=&#8221;enable&#8221; draw=&#8221;enable&#8221; draw_width=&#8221;80&#8243; icon_width=&#8221;100&#8243; title=&#8221;DENTALNI IMPLANTATI&#8221; css=&#8221;.vc_custom_1576835323418{padding-top: 45px !important;padding-right: 40px !important;padding-bottom: 45px !important;padding-left: 40px !important;}&#8221; link=&#8221;url:http%3A%2F%2Fhasanovic.dental%2F%3Fstm_service%3Dchildrens-teeth-2|title:Dentalni%20impantati||&#8221; el_class=&#8221;base_background_color mobile_adaptive&#8221;][\/stm_icon_box][\/vc_column][vc_column width=&#8221;1\/3&#8243; css=&#8221;.vc_custom_1439878731029{margin-top: -100px !important;padding-right: 0px !important;padding-left: 0px !important;}&#8221;][stm_icon_box icon=&#8221;stm-icon-tooth-2&#8243; style=&#8221;icon_right&#8221; icon_size=&#8221;110&#8243; animation=&#8221;enable&#8221; title=&#8221;FIKSNA I MOBILNA ORTODONCIJA&#8221; css=&#8221;.vc_custom_1576835277245{padding-top: 45px !important;padding-right: 40px !important;padding-bottom: 45px !important;padding-left: 40px !important;}&#8221; link=&#8221;url:http%3A%2F%2Fhasanovic.dental%2F%3Fstm_service%3Dhealthy-gums|title:Othodontics||&#8221; el_class=&#8221;secondary_background_color mobile_adaptive&#8221;][\/stm_icon_box][\/vc_column][vc_column width=&#8221;1\/3&#8243; css=&#8221;.vc_custom_1439878734259{margin-top: -100px !important;padding-left: 0px !important;}&#8221;][stm_icon_box icon=&#8221;stm-icon-tooth-3&#8243; style=&#8221;icon_right&#8221; icon_size=&#8221;110&#8243; animation=&#8221;enable&#8221; title=&#8221;SVE VRSTE PROTETSKIH NADOKNADA&#8221; css=&#8221;.vc_custom_1576835190124{padding-top: 45px !important;padding-right: 40px !important;padding-bottom: 45px !important;padding-left: 40px !important;background-color: #4c6575 !important;}&#8221; link=&#8221;url:http%3A%2F%2Fhasanovic.dental%2F%3Fstm_service%3Ddental-hygiene-2|title:Protetika||&#8221; el_class=&#8221;mobile_adaptive&#8221;][\/stm_icon_box][\/vc_column][\/vc_row][vc_row el_class=&#8221;table_block&#8221; css=&#8221;.vc_custom_1439899405856{margin-bottom: 0px !important;}&#8221;][vc_column width=&#8221;2\/3&#8243; css=&#8221;.vc_custom_1443254508274{padding-top: 50px !important;padding-bottom: 50px !important;}&#8221;][vc_custom_heading text=&#8221;O nama&#8221; font_container=&#8221;tag:h2|text_align:left|color:%234c4c4c&#8221; use_theme_fonts=&#8221;yes&#8221; css=&#8221;.vc_custom_1577272560060{margin-bottom: 20px !important;}&#8221;][vc_custom_heading text=&#8221;&#8221; font_container=&#8221;tag:div|font_size:30px|text_align:left|color:%23c2c2c2|line_height:40px&#8221; google_fonts=&#8221;font_family:Playfair%20Display%3Aregular%2Citalic%2C700%2C700italic%2C900%2C900italic|font_style:400%20italic%3A400%3Aitalic&#8221; css=&#8221;.vc_custom_1577272576825{margin-bottom: 30px !important;}&#8221;][vc_column_text]<a href=\"http:\/\/hasanovic.dental\/wp-content\/uploads\/2015\/08\/Fotolia_63054040_Subscription_Monthly_XL.jpg\"><img decoding=\"async\" loading=\"lazy\" class=\"full_width_mobile wp-image-158 size-medium alignleft\" src=\"http:\/\/hasanovic.dental\/wp-content\/uploads\/2015\/08\/Fotolia_63054040_Subscription_Monthly_XL-300x200.jpg\" alt=\"Dr. SAS Redisson with a patient\" width=\"300\" height=\"200\" srcset=\"https:\/\/hasanovic.dental\/wp-content\/uploads\/2015\/08\/Fotolia_63054040_Subscription_Monthly_XL-300x200.jpg 300w, https:\/\/hasanovic.dental\/wp-content\/uploads\/2015\/08\/Fotolia_63054040_Subscription_Monthly_XL.jpg 500w\" sizes=\"(max-width: 300px) 100vw, 300px\" \/><\/a><\/p>\n<p>U na\u0161oj ordinaciji kvalitet usluga i zadovoljstvo pacijenata uvijek je na prvom mjestu.<br \/>\nPored op\u0107e stomatologije, pru\u017eamo usluge dje\u010dije stomatologije, oralne hirurgije, ortodoncije i paradontologije.<br \/>\nNa\u0161e iskusno osoblje brzo i efikasno \u0107e odgovoriti svim izazovima funkcionalnih, estetskih i zdravstvenih problema sa kojima se susre\u0107ete.<br \/>\nUvijek u korak sa najnovijim tehnologijama i protokolima moderne stomatologije uz upotrebu najkvalitetnijih materijala renomiranih svjetskih proizvo\u0111a\u010da<\/p>\n<p>[\/vc_column_text][\/vc_column][vc_column width=&#8221;1\/3&#8243; css=&#8221;.vc_custom_1439899240148{padding-top: 50px !important;padding-right: 60px !important;padding-bottom: 70px !important;padding-left: 60px !important;background-color: #f6f6f6 !important;}&#8221;][stm_image_carousel images_to_show=&#8221;3&#8243; images_to_show_tablet=&#8221;4&#8243; images_to_show_mobile=&#8221;3&#8243; images=&#8221;1402,1403,1404,1405,1406,1407,1408&#8243; title=&#8221;Certifikati&#8221; title_color=&#8221;#4c4c4c&#8221;][\/vc_column][\/vc_row][vc_row full_width=&#8221;stretch_row&#8221; css=&#8221;.vc_custom_1443254699136{margin-bottom: 0px !important;padding-top: 60px !important;padding-bottom: 40px !important;}&#8221; el_class=&#8221;base_background_color&#8221;][vc_column][vc_row_inner][vc_column_inner width=&#8221;1\/2&#8243; offset=&#8221;vc_col-lg-3 vc_col-md-3&#8243; css=&#8221;.vc_custom_1443254710022{padding-bottom: 40px !important;}&#8221;][stm_icon_box title_font_size=&#8221;24&#8243; title_font_weight=&#8221;300&#8243; icon=&#8221;stm-icon-computer&#8221; icon_size=&#8221;52&#8243; icon_height=&#8221;90&#8243; title=&#8221;Pla\u0107anje karticama i na rate&#8221; link=&#8221;||&#8221; title_color=&#8221;#ffffff&#8221;][\/stm_icon_box][\/vc_column_inner][vc_column_inner width=&#8221;1\/2&#8243; offset=&#8221;vc_col-lg-3 vc_col-md-3&#8243; css=&#8221;.vc_custom_1443254718746{padding-bottom: 40px !important;}&#8221;][stm_icon_box title_font_size=&#8221;24&#8243; title_font_weight=&#8221;300&#8243; icon=&#8221;stm-icon-tooth-4&#8243; icon_size=&#8221;63&#8243; icon_height=&#8221;90&#8243; title=&#8221;Upotreba novih tehnologija&#8221;][\/stm_icon_box][\/vc_column_inner][vc_column_inner width=&#8221;1\/2&#8243; css=&#8221;.vc_custom_1443254731860{padding-bottom: 40px !important;}&#8221; offset=&#8221;vc_col-lg-3 vc_col-md-3&#8243;][stm_icon_box title_font_size=&#8221;24&#8243; title_font_weight=&#8221;300&#8243; icon=&#8221;stm-icon-tooth-5&#8243; icon_size=&#8221;54&#8243; icon_height=&#8221;90&#8243; title=&#8221;Garancija na radove&#8221;][\/stm_icon_box][\/vc_column_inner][vc_column_inner width=&#8221;1\/2&#8243; css=&#8221;.vc_custom_1443254742860{padding-bottom: 40px !important;}&#8221; offset=&#8221;vc_col-lg-3 vc_col-md-3&#8243;][stm_icon_box title_font_size=&#8221;24&#8243; title_font_weight=&#8221;300&#8243; icon=&#8221;stm-icon-sertificate&#8221; icon_size=&#8221;63&#8243; icon_height=&#8221;90&#8243; title=&#8221;Certificirani stomatolozi&#8221;][\/stm_icon_box][\/vc_column_inner][\/vc_row_inner][\/vc_column][\/vc_row][vc_row full_width=&#8221;stretch_row&#8221; css=&#8221;.vc_custom_1443264919324{margin-bottom: 60px !important;padding-top: 20px !important;padding-bottom: 20px !important;background-color: #4c6575 !important;}&#8221;][vc_column width=&#8221;1\/4&#8243; css=&#8221;.vc_custom_1443264932250{padding-top: 30px !important;padding-bottom: 30px !important;}&#8221;][stm_stats_counter counter_value=&#8221;15&#8243; title=&#8221;years<br \/>\nof experience&#8221; font_color=&#8221;#ffffff&#8221; counter_width=&#8221;57&#8243;][\/vc_column][vc_column width=&#8221;1\/4&#8243; css=&#8221;.vc_custom_1443264937585{padding-top: 30px !important;padding-bottom: 30px !important;}&#8221;][stm_stats_counter counter_value=&#8221;79&#8243; title=&#8221;visited<br \/>\nconferentions&#8221; font_color=&#8221;#ffffff&#8221; counter_width=&#8221;63&#8243;][\/vc_column][vc_column width=&#8221;1\/4&#8243; css=&#8221;.vc_custom_1443264943697{padding-top: 30px !important;padding-bottom: 30px !important;}&#8221;][stm_stats_counter counter_value=&#8221;452&#8243; title=&#8221;smiling<br \/>\nclients&#8221; font_color=&#8221;#ffffff&#8221; counter_width=&#8221;97&#8243;][\/vc_column][vc_column width=&#8221;1\/4&#8243; css=&#8221;.vc_custom_1443264948857{padding-top: 30px !important;padding-bottom: 30px !important;}&#8221;][stm_stats_counter counter_value=&#8221;14&#8243; title=&#8221;master<br \/>\ncertifications&#8221; font_color=&#8221;#ffffff&#8221; counter_width=&#8221;58&#8243;][\/vc_column][\/vc_row][vc_row css=&#8221;.vc_custom_1440140332526{margin-bottom: 60px !important;}&#8221;][vc_column][vc_custom_heading text=&#8221;Zakazivanje Termina&#8221; font_container=&#8221;tag:h2|text_align:left|color:%234c4c4c&#8221; use_theme_fonts=&#8221;yes&#8221; css=&#8221;.vc_custom_1583232954441{margin-bottom: 40px !important;}&#8221;]\n<div class=\"wpcf7 no-js\" id=\"wpcf7-f470-o1\" lang=\"en-US\" dir=\"ltr\">\n<div class=\"screen-reader-response\"><p role=\"status\" aria-live=\"polite\" aria-atomic=\"true\"><\/p> <ul><\/ul><\/div>\n<form action=\"\/index.php?rest_route=%2Fwp%2Fv2%2Fpages%2F1299#wpcf7-f470-o1\" method=\"post\" class=\"wpcf7-form init\" aria-label=\"Contact form\" novalidate=\"novalidate\" data-status=\"init\">\n<div style=\"display: none;\">\n<input type=\"hidden\" name=\"_wpcf7\" value=\"470\" \/>\n<input type=\"hidden\" name=\"_wpcf7_version\" value=\"5.7.7\" \/>\n<input type=\"hidden\" name=\"_wpcf7_locale\" value=\"en_US\" \/>\n<input type=\"hidden\" name=\"_wpcf7_unit_tag\" value=\"wpcf7-f470-o1\" \/>\n<input type=\"hidden\" name=\"_wpcf7_container_post\" value=\"0\" \/>\n<input type=\"hidden\" name=\"_wpcf7_posted_data_hash\" value=\"\" \/>\n<\/div>\n<div class=\"row\">\n\t<div class=\"col-lg-8 col-md-8 col-sm-12 col-xs-12\">\n\t\t<div class=\"input-group\">\n\t\t\t<p><span class=\"wpcf7-form-control-wrap\" data-name=\"name-123\"><input size=\"40\" class=\"wpcf7-form-control wpcf7-text wpcf7-validates-as-required\" aria-required=\"true\" aria-invalid=\"false\" placeholder=\"Ime\" value=\"\" type=\"text\" name=\"name-123\" \/><\/span><span class=\"input-addon\"><i class=\"stm-icon-man\"><\/i><\/span>\n\t\t\t<\/p>\n\t\t<\/div>\n\t\t<div class=\"row\">\n\t\t\t<div class=\"col-lg-6 col-md-6 col-sm-12 col-xs-12\">\n\t\t\t\t<div class=\"input-group\">\n\t\t\t\t\t<p><span class=\"wpcf7-form-control-wrap\" data-name=\"phone\"><input size=\"40\" class=\"wpcf7-form-control wpcf7-text wpcf7-tel wpcf7-validates-as-required wpcf7-validates-as-tel\" aria-required=\"true\" aria-invalid=\"false\" placeholder=\"Telefon\" value=\"\" type=\"tel\" name=\"phone\" \/><\/span><span class=\"input-addon\"><i class=\"stm-icon-roundels\"><\/i><\/span>\n\t\t\t\t\t<\/p>\n\t\t\t\t<\/div>\n\t\t\t<\/div>\n\t\t\t<div class=\"col-lg-6 col-md-6 col-sm-12 col-xs-12\">\n\t\t\t\t<div class=\"input-group\">\n\t\t\t\t\t<p><span class=\"wpcf7-form-control-wrap\" data-name=\"email\"><input size=\"40\" class=\"wpcf7-form-control wpcf7-text wpcf7-email wpcf7-validates-as-required wpcf7-validates-as-email\" aria-required=\"true\" aria-invalid=\"false\" placeholder=\"Email\" value=\"\" type=\"email\" name=\"email\" \/><\/span><span class=\"input-addon\"><i class=\"fa fa-envelope-o\"><\/i><\/span>\n\t\t\t\t\t<\/p>\n\t\t\t\t<\/div>\n\t\t\t<\/div>\n\t\t<\/div>\n\t\t<div class=\"col-lg-8 col-md-8 col-sm-12 col-xs-12\">\n\t\t\t<div class=\"input-group no-bordered\">\n\t\t\t\t<p><span class=\"wpcf7-form-control-wrap\" data-name=\"message\"><textarea cols=\"40\" rows=\"10\" class=\"wpcf7-form-control wpcf7-textarea wpcf7-validates-as-required\" aria-required=\"true\" aria-invalid=\"false\" placeholder=\"Poruka\" name=\"message\"><\/textarea><\/span>\n\t\t\t\t<\/p>\n\t\t\t<\/div>\n\t\t<\/div>\n\t<\/div>\n\t<p><input class=\"wpcf7-form-control has-spinner wpcf7-submit button square\" type=\"submit\" value=\"Po\u0161alji\" \/>\n\t<\/p>\n<\/div><div class=\"wpcf7-response-output\" aria-hidden=\"true\"><\/div>\n<\/form>\n<\/div>\n[\/vc_column][\/vc_row][vc_row full_width=&#8221;stretch_row_content_no_spaces&#8221; css=&#8221;.vc_custom_1440502317861{margin-bottom: 0px !important;}&#8221;][vc_column][stm_gmap map_zoom=&#8221;13&#8243; disable_mouse_whell=&#8221;disable&#8221; lat=&#8221;43.850694&#8243; lng=&#8221;18.402059&#8243;][\/vc_column][\/vc_row][vc_row css=&#8221;.vc_custom_1440502646613{margin-bottom: 0px !important;}&#8221;][vc_column width=&#8221;2\/3&#8243;][vc_column_text]<br \/>\n[\/vc_column_text][\/vc_column][vc_column width=&#8221;1\/3&#8243; css=&#8221;.vc_custom_1443266080216{margin-top: -462px !important;}&#8221; el_class=&#8221;base_background_color&#8221;][stm_contacts_widget address=&#8221;Zagreba\u010dka 31<br \/>\nSarajevo, 71000&#8243; email=&#8221;hismir@gmail.com&#8221; phone=&#8221;+387 33 619 614<br \/>\n+387 61 192 011&#8243; hours=&#8221;Pon &#8211; Pet 10.00 &#8211; 13.00 \/ 15.00 &#8211; 20.00<br \/>\nVikendom ne radimo.&#8221; css=&#8221;.vc_custom_1577280681652{padding-top: 52px !important;padding-right: 35px !important;padding-bottom: 53px !important;padding-left: 35px !important;}&#8221;][\/vc_column][\/vc_row]<\/p>\n","protected":false},"excerpt":{"rendered":"<p>[vc_row css=&#8221;.vc_custom_1439796249329{margin-bottom: 0px !important;}&#8221;][vc_column][rev_slider_vc alias=&#8221;main_slider&#8221;][\/vc_column][\/vc_row][vc_row el_class=&#8221;overflowed_content&#8221; css=&#8221;.vc_custom_1439880673570{margin-bottom: 0px !important;}&#8221;][vc_column width=&#8221;1\/3&#8243; css=&#8221;.vc_custom_1439878727322{margin-top: -100px !important;padding-right: 0px !important;}&#8221;][stm_icon_box icon=&#8221;stm-icon-tooth-1&#8243; style=&#8221;icon_right&#8221; icon_size=&#8221;110&#8243; animation=&#8221;enable&#8221; draw=&#8221;enable&#8221; draw_width=&#8221;80&#8243; icon_width=&#8221;100&#8243; title=&#8221;DENTALNI IMPLANTATI&#8221; css=&#8221;.vc_custom_1576835323418{padding-top: 45px !important;padding-right: 40px !important;padding-bottom: 45px !important;padding-left: 40px !important;}&#8221; link=&#8221;url:http%3A%2F%2Fhasanovic.dental%2F%3Fstm_service%3Dchildrens-teeth-2|title:Dentalni%20impantati||&#8221; el_class=&#8221;base_background_color mobile_adaptive&#8221;][\/stm_icon_box][\/vc_column][vc_column width=&#8221;1\/3&#8243; css=&#8221;.vc_custom_1439878731029{margin-top: -100px !important;padding-right: 0px !important;padding-left: 0px !important;}&#8221;][stm_icon_box icon=&#8221;stm-icon-tooth-2&#8243; style=&#8221;icon_right&#8221; icon_size=&#8221;110&#8243; animation=&#8221;enable&#8221; title=&#8221;FIKSNA I MOBILNA ORTODONCIJA&#8221; css=&#8221;.vc_custom_1576835277245{padding-top: 45px !important;padding-right:&#8230;<\/p>\n","protected":false},"author":1,"featured_media":0,"parent":0,"menu_order":0,"comment_status":"closed","ping_status":"closed","template":"","meta":[],"_links":{"self":[{"href":"https:\/\/hasanovic.dental\/index.php?rest_route=\/wp\/v2\/pages\/1299"}],"collection":[{"href":"https:\/\/hasanovic.dental\/index.php?rest_route=\/wp\/v2\/pages"}],"about":[{"href":"https:\/\/hasanovic.dental\/index.php?rest_route=\/wp\/v2\/types\/page"}],"author":[{"embeddable":true,"href":"https:\/\/hasanovic.dental\/index.php?rest_route=\/wp\/v2\/users\/1"}],"replies":[{"embeddable":true,"href":"https:\/\/hasanovic.dental\/index.php?rest_route=%2Fwp%2Fv2%2Fcomments&post=1299"}],"version-history":[{"count":18,"href":"https:\/\/hasanovic.dental\/index.php?rest_route=\/wp\/v2\/pages\/1299\/revisions"}],"predecessor-version":[{"id":1417,"href":"https:\/\/hasanovic.dental\/index.php?rest_route=\/wp\/v2\/pages\/1299\/revisions\/1417"}],"wp:attachment":[{"href":"https:\/\/hasanovic.dental\/index.php?rest_route=%2Fwp%2Fv2%2Fmedia&parent=1299"}],"curies":[{"name":"wp","href":"https:\/\/api.w.org\/{rel}","templated":true}]}}