{"id":25,"date":"2015-08-13T04:56:24","date_gmt":"2015-08-13T04:56:24","guid":{"rendered":"http:\/\/dentall.stylemixthemes.com\/demo\/?page_id=25"},"modified":"2020-03-03T12:32:15","modified_gmt":"2020-03-03T11:32:15","slug":"about-us","status":"publish","type":"page","link":"https:\/\/hasanovic.dental\/?page_id=25","title":{"rendered":"O nama"},"content":{"rendered":"<p>[vc_row css=&#8221;.vc_custom_1441619155187{margin-bottom: 50px !important;}&#8221;][vc_column offset=&#8221;vc_hidden-xs&#8221;][rev_slider_vc alias=&#8221;about_us&#8221;][\/vc_column][\/vc_row][vc_row css=&#8221;.vc_custom_1441005495715{margin-bottom: 80px !important;}&#8221;][vc_column offset=&#8221;vc_col-lg-9 vc_col-md-9&#8243;][vc_column_text]<\/p>\n<h3 class=\"p1\">Za\u0161to izabrati nas?<\/h3>\n<p>U na\u0161oj ordinaciji smo posve\u0107eni pru\u017eanju najkvalitetnijih usluga na\u0161im pacijentima, imamo dva op\u0161ta stomatologa, kao i specijalistu dje\u010dije stomatologije, specijalistu oralne hirurgije, ortodonta i parodontologa.<\/p>\n<p>S obzirom na navedeno smatramo da mo\u017eemo pru\u017eiti kompletnu uslugu za ve\u0107inu funkcionalnih, estetskih i zdravstvenih problema sa kojima se susre\u0107u pacijenti.<\/p>\n<p>Tako\u0111e poku\u0161avamo biti u toku sa novim tehnologijama i protokolima moderne stomatologije.<\/p>\n<p class=\"p1\"><span class=\"s1\">\u00a0<\/span><\/p>\n<p>[\/vc_column_text][vc_row_inner css=&#8221;.vc_custom_1441003405335{margin-bottom: 0px !important;}&#8221;][vc_column_inner][stm_image_carousel mode=&#8221;horizontal&#8221; images_to_show=&#8221;4&#8243; images_to_show_tablet=&#8221;3&#8243; images_to_show_mobile=&#8221;1&#8243; images=&#8221;1408,1407,1406,1404,1403,1405&#8243; title_color=&#8221;#4c4c4c&#8221; css=&#8221;.vc_custom_1583235134208{margin-bottom: 50px !important;padding-top: 50px !important;padding-right: 40px !important;padding-bottom: 60px !important;padding-left: 40px !important;background-color: #f6f6f6 !important;}&#8221;][\/vc_column_inner][\/vc_row_inner][vc_custom_heading text=&#8221;&#8221; font_container=&#8221;tag:h3|text_align:left|color:%234c4c4c&#8221; use_theme_fonts=&#8221;yes&#8221; css=&#8221;.vc_custom_1577281802495{margin-bottom: 25px !important;}&#8221;][vc_column_text][\/vc_column_text][vc_column_text][\/vc_column_text][\/vc_column][vc_column width=&#8221;1\/4&#8243; offset=&#8221;vc_hidden-sm vc_hidden-xs&#8221;][stm_sidebar sidebar=&#8221;700&#8243;][\/vc_column][\/vc_row]<\/p>\n","protected":false},"excerpt":{"rendered":"<p>[vc_row css=&#8221;.vc_custom_1441619155187{margin-bottom: 50px !important;}&#8221;][vc_column offset=&#8221;vc_hidden-xs&#8221;][rev_slider_vc alias=&#8221;about_us&#8221;][\/vc_column][\/vc_row][vc_row css=&#8221;.vc_custom_1441005495715{margin-bottom: 80px !important;}&#8221;][vc_column offset=&#8221;vc_col-lg-9 vc_col-md-9&#8243;][vc_column_text] Za\u0161to izabrati nas? U na\u0161oj ordinaciji smo posve\u0107eni pru\u017eanju najkvalitetnijih usluga na\u0161im pacijentima, imamo dva op\u0161ta stomatologa, kao i specijalistu dje\u010dije stomatologije, specijalistu oralne hirurgije, ortodonta i parodontologa. S obzirom na navedeno smatramo da mo\u017eemo pru\u017eiti kompletnu uslugu za ve\u0107inu funkcionalnih, estetskih i zdravstvenih&#8230;<\/p>\n","protected":false},"author":1,"featured_media":0,"parent":0,"menu_order":0,"comment_status":"closed","ping_status":"closed","template":"","meta":[],"_links":{"self":[{"href":"https:\/\/hasanovic.dental\/index.php?rest_route=\/wp\/v2\/pages\/25"}],"collection":[{"href":"https:\/\/hasanovic.dental\/index.php?rest_route=\/wp\/v2\/pages"}],"about":[{"href":"https:\/\/hasanovic.dental\/index.php?rest_route=\/wp\/v2\/types\/page"}],"author":[{"embeddable":true,"href":"https:\/\/hasanovic.dental\/index.php?rest_route=\/wp\/v2\/users\/1"}],"replies":[{"embeddable":true,"href":"https:\/\/hasanovic.dental\/index.php?rest_route=%2Fwp%2Fv2%2Fcomments&post=25"}],"version-history":[{"count":4,"href":"https:\/\/hasanovic.dental\/index.php?rest_route=\/wp\/v2\/pages\/25\/revisions"}],"predecessor-version":[{"id":1418,"href":"https:\/\/hasanovic.dental\/index.php?rest_route=\/wp\/v2\/pages\/25\/revisions\/1418"}],"wp:attachment":[{"href":"https:\/\/hasanovic.dental\/index.php?rest_route=%2Fwp%2Fv2%2Fmedia&parent=25"}],"curies":[{"name":"wp","href":"https:\/\/api.w.org\/{rel}","templated":true}]}}